{"id":397,"date":"2011-11-06T20:18:33","date_gmt":"2011-11-06T18:18:33","guid":{"rendered":"http:\/\/bluesclass.de\/?page_id=397"},"modified":"2019-07-07T16:21:30","modified_gmt":"2019-07-07T14:21:30","slug":"playalong-bestellung","status":"publish","type":"page","link":"https:\/\/bluesclass.de\/?page_id=397","title":{"rendered":"Blues Playalong Vol. 1"},"content":{"rendered":"<p><img loading=\"lazy\" decoding=\"async\" src=\"http:\/\/bluesclass.de\/blog\/wp-content\/uploads\/2CDs-300x199.jpg\" alt=\"\" width=\"270\" height=\"193\" \/><\/p>\n<p><strong>Preis: 10 \u20ac + 1,55 \u20ac Versand = 11,55 \u20ac<\/strong><br \/>\nDie Playalong CD wurde besprochen in <a href=\"http:\/\/bluesclass.de\/?attachment_id=1707\">bluesnews Magazin 12\/2012<br \/>\n<\/a><br \/>\nBlues Playalong f\u00fcr Bluesgitarristen und Bluesharpspieler mit den Songs:<\/p>\n<ul>\n<li>You&#8217;re The One<\/li>\n<li>Caledonia<\/li>\n<li>Dark Walk<\/li>\n<li>Walking By Myself<\/li>\n<li>As The Years Go Passing By<\/li>\n<li>Got My Mojo Working<\/li>\n<li>Boogie All Night Long<\/li>\n<\/ul>\n<p>[contact-form-7 id=&#8221;2025&#8243; title=&#8221;Contact form CD&#8221;]<\/p>\n<p>Gitarristen und Bluesharpspielern m\u00f6chten wir mit dieser Playalong-CD exemplarisch zeigen, wie verschiedenartig Bluesharp und Gitarre innerhalb einer Band funktionieren und wie sie sich gegenseitig erg\u00e4nzen k\u00f6nnen. Bei der St\u00fcckauswahl haben wir eine stilistische Mischung aus echten Bluesklassikern und traditionellen Bluesstilen angestrebt.<\/p>\n<p>Jeder der 7 Titel auf dieser CD ist in drei Versionen vorhanden:<\/p>\n<ol>\n<li><b>1. Komplette Bandfassung<\/b><\/li>\n<li><b>2. Playalong f\u00fcr Bluesgitarristen(ohne Gitarre)<\/b><\/li>\n<li><b>3. Playalong f\u00fcr Harpspieler(ohne Bluesharp).<\/b><\/li>\n<\/ol>\n","protected":false},"excerpt":{"rendered":"<p>Preis: 10 \u20ac + 1,55 \u20ac Versand = 11,55 \u20ac Die Playalong CD wurde besprochen in bluesnews Magazin 12\/2012 Blues Playalong f\u00fcr Bluesgitarristen und Bluesharpspieler mit den Songs: You&#8217;re The One Caledonia Dark Walk Walking By Myself As The Years Go Passing By Got My Mojo Working Boogie All Night Long [contact-form-7 id=&#8221;2025&#8243; title=&#8221;Contact form [&hellip;]<\/p>\n","protected":false},"author":1,"featured_media":0,"parent":8,"menu_order":1,"comment_status":"closed","ping_status":"closed","template":"","meta":{"footnotes":""},"_links":{"self":[{"href":"https:\/\/bluesclass.de\/index.php?rest_route=\/wp\/v2\/pages\/397"}],"collection":[{"href":"https:\/\/bluesclass.de\/index.php?rest_route=\/wp\/v2\/pages"}],"about":[{"href":"https:\/\/bluesclass.de\/index.php?rest_route=\/wp\/v2\/types\/page"}],"author":[{"embeddable":true,"href":"https:\/\/bluesclass.de\/index.php?rest_route=\/wp\/v2\/users\/1"}],"replies":[{"embeddable":true,"href":"https:\/\/bluesclass.de\/index.php?rest_route=%2Fwp%2Fv2%2Fcomments&post=397"}],"version-history":[{"count":108,"href":"https:\/\/bluesclass.de\/index.php?rest_route=\/wp\/v2\/pages\/397\/revisions"}],"predecessor-version":[{"id":2026,"href":"https:\/\/bluesclass.de\/index.php?rest_route=\/wp\/v2\/pages\/397\/revisions\/2026"}],"up":[{"embeddable":true,"href":"https:\/\/bluesclass.de\/index.php?rest_route=\/wp\/v2\/pages\/8"}],"wp:attachment":[{"href":"https:\/\/bluesclass.de\/index.php?rest_route=%2Fwp%2Fv2%2Fmedia&parent=397"}],"curies":[{"name":"wp","href":"https:\/\/api.w.org\/{rel}","templated":true}]}}