{"id":2,"date":"2010-05-09T19:01:51","date_gmt":"2010-05-09T17:01:51","guid":{"rendered":"http:\/\/bluesclass.de\/blog\/index.php?page_id=2"},"modified":"2015-06-20T14:31:39","modified_gmt":"2015-06-20T12:31:39","slug":"about","status":"publish","type":"page","link":"https:\/\/bluesclass.de\/?page_id=2","title":{"rendered":"Die Dozenten"},"content":{"rendered":"<p><span class=\"bgw\"><img loading=\"lazy\" decoding=\"async\" class=\"alignleft size-full wp-image-265\" title=\"peter\" alt=\"peter\" src=\"http:\/\/bluesclass.de\/blog\/wp-content\/uploads\/2010\/05\/peter.jpg\" width=\"150\" height=\"134\" \/><\/span><\/p>\n<p><strong><span class=\"bgw\">Peter Pelzner<\/span><\/strong><\/p>\n<p>Der Diplom-Musiklehrer unterrichtet in der Musikschule F\u00fcrth, bei (Jazz-)Workshops in Erlangen, an der EWF N\u00fcrnberg, ist als musikalischer Leiter bei Theaterproduktionen (Kindertheater Mumpitz und Gostner Hoftheater) aktiv und erhielt diverse Preise und Auszeichnungen. Unter anderem ist er in diesen Bands aktiv:<br \/>\nThe Houserockin\u2019Nightcats und Boom &amp; the Ballroomshakers.<\/p>\n<p align=\"right\"><a href=\"http:\/\/www.peterpelzner.de\">www.peterpelzner.de<\/a><br \/>\n<a href=\"http:\/\/www.myspace.com\/peterpelzner\">www.myspace.com\/peterpelzner<\/a><\/p>\n<p><strong><span class=\"bgw\"><img loading=\"lazy\" decoding=\"async\" class=\"alignleft size-full wp-image-267\" title=\"olaf\" alt=\"olaf\" src=\"http:\/\/bluesclass.de\/blog\/wp-content\/uploads\/2010\/05\/olaf.jpg\" width=\"150\" height=\"134\" \/>Olaf B\u00f6hme<\/span><\/strong><\/p>\n<p>Er ist leidenschaftlicher Harp-Spieler seit ca. 35 Jahren, gibt mehrere Harp-Workshops im Jahr. Neben dem Bluesclassworkshop ist er auch auf auf dem <a title=\"Internationales Mundharmonikafestival\" href=\"http:\/\/www.mundharmonika-live.de\/newpage\/workshops.htm\" target=\"_blank\">Internationalen Mundharmonikafestival (Klingenthal)<\/a> als Dozent t\u00e4tig. Olaf spielte auf diversen Bluesfestivals, mit der &#8220;Down Home Blues Band&#8221; und dem Trio &#8220;Shades Of Blue&#8221;. Aktuell kann man sein Harpspiel bei &#8220;Pelzner, B\u00f6hme &amp; Friends&#8221;, in der Bluegrassformation &#8220;Rotten Bones&#8221; und im Duo mit &#8220;Richter &amp; B\u00f6hme&#8221; h\u00f6ren. Olaf ist als Gast- und Sessionmusiker und stilistisch breit aufgestellt: von Blues, Country, Folk \u00fcber Evergreens bis zu Irish Music.<\/p>\n<p><a href=\"http:\/\/www.youtube.com\/aigistos\">www.youtube.com\/aigistos<\/a><\/p>\n","protected":false},"excerpt":{"rendered":"<p>Peter Pelzner Der Diplom-Musiklehrer unterrichtet in der Musikschule F\u00fcrth, bei (Jazz-)Workshops in Erlangen, an der EWF N\u00fcrnberg, ist als musikalischer Leiter bei Theaterproduktionen (Kindertheater Mumpitz und Gostner Hoftheater) aktiv und erhielt diverse Preise und Auszeichnungen. Unter anderem ist er in diesen Bands aktiv: The Houserockin\u2019Nightcats und Boom &amp; the Ballroomshakers. www.peterpelzner.de www.myspace.com\/peterpelzner Olaf B\u00f6hme Er [&hellip;]<\/p>\n","protected":false},"author":1,"featured_media":0,"parent":5,"menu_order":2,"comment_status":"open","ping_status":"open","template":"","meta":{"footnotes":""},"_links":{"self":[{"href":"https:\/\/bluesclass.de\/index.php?rest_route=\/wp\/v2\/pages\/2"}],"collection":[{"href":"https:\/\/bluesclass.de\/index.php?rest_route=\/wp\/v2\/pages"}],"about":[{"href":"https:\/\/bluesclass.de\/index.php?rest_route=\/wp\/v2\/types\/page"}],"author":[{"embeddable":true,"href":"https:\/\/bluesclass.de\/index.php?rest_route=\/wp\/v2\/users\/1"}],"replies":[{"embeddable":true,"href":"https:\/\/bluesclass.de\/index.php?rest_route=%2Fwp%2Fv2%2Fcomments&post=2"}],"version-history":[{"count":53,"href":"https:\/\/bluesclass.de\/index.php?rest_route=\/wp\/v2\/pages\/2\/revisions"}],"predecessor-version":[{"id":1565,"href":"https:\/\/bluesclass.de\/index.php?rest_route=\/wp\/v2\/pages\/2\/revisions\/1565"}],"up":[{"embeddable":true,"href":"https:\/\/bluesclass.de\/index.php?rest_route=\/wp\/v2\/pages\/5"}],"wp:attachment":[{"href":"https:\/\/bluesclass.de\/index.php?rest_route=%2Fwp%2Fv2%2Fmedia&parent=2"}],"curies":[{"name":"wp","href":"https:\/\/api.w.org\/{rel}","templated":true}]}}