{"id":1714,"date":"2014-12-07T21:19:19","date_gmt":"2014-12-07T19:19:19","guid":{"rendered":"http:\/\/bluesclass.de\/?page_id=1714"},"modified":"2015-11-07T20:08:56","modified_gmt":"2015-11-07T18:08:56","slug":"videos-2014","status":"publish","type":"page","link":"https:\/\/bluesclass.de\/?page_id=1714","title":{"rendered":"Videos 2014-2015"},"content":{"rendered":"<table width=\"100%\" border=\"0\" cellspacing=\"3\" cellpadding=\"3\">\n<tbody>\n<tr>\n<td colspan=\"2\">\n<h3>Bluesclass Konzert 2015<\/h3>\n<\/td>\n<\/tr>\n<tr>\n<td><iframe loading=\"lazy\" src=\"https:\/\/www.youtube.com\/embed\/q653xhPdu68\" height=\"165\" width=\"220\" frameborder=\"0\"><iframe loading=\"lazy\" src=\"https:\/\/www.youtube.com\/embed\/q653xhPdu68\" height=\"165\" width=\"220\" frameborder=\"0\"><\/iframe><\/iframe><\/td>\n<td><\/td>\n<\/tr>\n<tr>\n<td colspan=\"2\">\n<h3>Bluesclass Konzert 2014<\/h3>\n<\/td>\n<\/tr>\n<tr>\n<td><iframe loading=\"lazy\" src=\"\/\/www.youtube.com\/embed\/eu3EJ8aEclc\" height=\"165\" width=\"220\" allowfullscreen=\"\" frameborder=\"0\"><\/iframe><br \/>\nYou&#8217;re The One &#8211; Pelzner, B\u00f6hnme &amp; Friends<\/td>\n<td><iframe loading=\"lazy\" src=\"\/\/www.youtube.com\/embed\/fOvO2jJK7TM\" height=\"165\" width=\"220\" allowfullscreen=\"\" frameborder=\"0\"><\/iframe><br \/>\nTelephone Blues &#8211; Pelzner, B\u00f6hnme &amp; Friends<\/td>\n<\/tr>\n<tr>\n<td><iframe loading=\"lazy\" src=\"\/\/www.youtube.com\/embed\/VlBPwgaapts\" height=\"165\" width=\"220\" allowfullscreen=\"\" frameborder=\"0\"><\/iframe><br \/>\nDown The Road A Piece &#8211; Pelzner, B\u00f6hnme &amp; Friends<\/td>\n<td><iframe loading=\"lazy\" src=\"\/\/www.youtube.com\/embed\/YTGyOQCwIgE\" height=\"165\" width=\"220\" allowfullscreen=\"\" frameborder=\"0\"><\/iframe><br \/>\nDark Walk &#8211; Pelzner, B\u00f6hnme &amp; Friends<\/td>\n<\/tr>\n<tr>\n<td><iframe loading=\"lazy\" src=\"\/\/www.youtube.com\/embed\/WmCn8rYtiuw\" height=\"165\" width=\"220\" allowfullscreen=\"\" frameborder=\"0\"><\/iframe><br \/>\nCaledonia &#8211; Pelzner, B\u00f6hnme &amp; Friends<\/td>\n<td><\/td>\n<\/tr>\n<tr>\n<td colspan=\"2\">\n<h3>Bluesclass Session am Samstag<\/h3>\n<\/td>\n<\/tr>\n<tr>\n<td><iframe loading=\"lazy\" src=\"\/\/www.youtube.com\/embed\/k4x5fCl_ncQ\" height=\"165\" width=\"220\" allowfullscreen=\"\" frameborder=\"0\"><\/iframe><br \/>\nBlues Stay Away From Me<br \/>\nUlle, Hauer, Carsten<\/td>\n<td><iframe loading=\"lazy\" src=\"\/\/www.youtube.com\/embed\/heJtE_BO3lE\" height=\"165\" width=\"220\" allowfullscreen=\"\" frameborder=\"0\"><\/iframe><br \/>\n1.Teil: Don&#8217;t Get Around Much Anymore<br \/>\nJ\u00f6rg Boos mit der Sessionband<\/p>\n<p>2. Teil: F\u00fcrth Shuffle<br \/>\nJ\u00f6rg Boos, Hauer<\/td>\n<\/tr>\n<tr>\n<td><iframe loading=\"lazy\" src=\"\/\/www.youtube.com\/embed\/kJm7S3mlWFo\" height=\"165\" width=\"220\" allowfullscreen=\"\" frameborder=\"0\"><\/iframe><br \/>\nWolfgang (Harp),Bernd (Harp), Christian (Git) und Carsten (Git)<\/td>\n<td><iframe loading=\"lazy\" src=\"\/\/www.youtube.com\/embed\/CWEXRrCZzpg\" height=\"165\" width=\"220\" allowfullscreen=\"\" frameborder=\"0\"><\/iframe><br \/>\nJ\u00fcrgen und Erich (Harp)<\/td>\n<\/tr>\n<tr>\n<td><iframe loading=\"lazy\" src=\"\/\/www.youtube.com\/embed\/znvp6uogTEw\" height=\"165\" width=\"220\" allowfullscreen=\"\" frameborder=\"0\"><\/iframe><br \/>\nHauer und J\u00f6rg (Harp)<\/td>\n<td><\/td>\n<\/tr>\n<\/tbody>\n<\/table>\n","protected":false},"excerpt":{"rendered":"<p>Bluesclass Konzert 2015 Bluesclass Konzert 2014 You&#8217;re The One &#8211; Pelzner, B\u00f6hnme &amp; Friends Telephone Blues &#8211; Pelzner, B\u00f6hnme &amp; Friends Down The Road A Piece &#8211; Pelzner, B\u00f6hnme &amp; Friends Dark Walk &#8211; Pelzner, B\u00f6hnme &amp; Friends Caledonia &#8211; Pelzner, B\u00f6hnme &amp; Friends Bluesclass Session am Samstag Blues Stay Away From Me Ulle, Hauer, [&hellip;]<\/p>\n","protected":false},"author":1,"featured_media":0,"parent":8,"menu_order":2,"comment_status":"open","ping_status":"open","template":"","meta":{"footnotes":""},"_links":{"self":[{"href":"https:\/\/bluesclass.de\/index.php?rest_route=\/wp\/v2\/pages\/1714"}],"collection":[{"href":"https:\/\/bluesclass.de\/index.php?rest_route=\/wp\/v2\/pages"}],"about":[{"href":"https:\/\/bluesclass.de\/index.php?rest_route=\/wp\/v2\/types\/page"}],"author":[{"embeddable":true,"href":"https:\/\/bluesclass.de\/index.php?rest_route=\/wp\/v2\/users\/1"}],"replies":[{"embeddable":true,"href":"https:\/\/bluesclass.de\/index.php?rest_route=%2Fwp%2Fv2%2Fcomments&post=1714"}],"version-history":[{"count":18,"href":"https:\/\/bluesclass.de\/index.php?rest_route=\/wp\/v2\/pages\/1714\/revisions"}],"predecessor-version":[{"id":1718,"href":"https:\/\/bluesclass.de\/index.php?rest_route=\/wp\/v2\/pages\/1714\/revisions\/1718"}],"up":[{"embeddable":true,"href":"https:\/\/bluesclass.de\/index.php?rest_route=\/wp\/v2\/pages\/8"}],"wp:attachment":[{"href":"https:\/\/bluesclass.de\/index.php?rest_route=%2Fwp%2Fv2%2Fmedia&parent=1714"}],"curies":[{"name":"wp","href":"https:\/\/api.w.org\/{rel}","templated":true}]}}