{"id":14,"date":"2010-05-09T20:08:06","date_gmt":"2010-05-09T18:08:06","guid":{"rendered":"http:\/\/bluesclass.de\/blog\/?page_id=14"},"modified":"2018-09-22T13:09:36","modified_gmt":"2018-09-22T11:09:36","slug":"anmeldung","status":"publish","type":"page","link":"https:\/\/bluesclass.de\/?page_id=14","title":{"rendered":"Anmeldung"},"content":{"rendered":"<p><strong>Anmeldung zum 10. Bluesclass Workshoop vom 12.-14. Oktober 2018 in F\u00fcrth.<\/strong><br \/>\nDie Teilnahmegeb\u00fchr f\u00fcr den Workhops betr\u00e4gt <strong>150,- EURO.<\/strong><br \/>\nNach Anmeldung erh\u00e4ltst Du eine Best\u00e4tigung-E-Mail und unsere Kontodaten.<br \/>\n<!-- Mit der Anmeldebest\u00e4tigung per E-Mail erh\u00e4ltst Du die Kontodaten f\u00fcr die \u00dcberweisung. --><br \/>\n[contact-form-7 id=&#8221;1951&#8243; title=&#8221;Contact form 1&#8243;]<\/p>\n","protected":false},"excerpt":{"rendered":"<p>Anmeldung zum 10. Bluesclass Workshoop vom 12.-14. Oktober 2018 in F\u00fcrth. Die Teilnahmegeb\u00fchr f\u00fcr den Workhops betr\u00e4gt 150,- EURO. Nach Anmeldung erh\u00e4ltst Du eine Best\u00e4tigung-E-Mail und unsere Kontodaten. [contact-form-7 id=&#8221;1951&#8243; title=&#8221;Contact form 1&#8243;]<\/p>\n","protected":false},"author":1,"featured_media":0,"parent":0,"menu_order":4,"comment_status":"closed","ping_status":"closed","template":"","meta":{"footnotes":""},"_links":{"self":[{"href":"https:\/\/bluesclass.de\/index.php?rest_route=\/wp\/v2\/pages\/14"}],"collection":[{"href":"https:\/\/bluesclass.de\/index.php?rest_route=\/wp\/v2\/pages"}],"about":[{"href":"https:\/\/bluesclass.de\/index.php?rest_route=\/wp\/v2\/types\/page"}],"author":[{"embeddable":true,"href":"https:\/\/bluesclass.de\/index.php?rest_route=\/wp\/v2\/users\/1"}],"replies":[{"embeddable":true,"href":"https:\/\/bluesclass.de\/index.php?rest_route=%2Fwp%2Fv2%2Fcomments&post=14"}],"version-history":[{"count":72,"href":"https:\/\/bluesclass.de\/index.php?rest_route=\/wp\/v2\/pages\/14\/revisions"}],"predecessor-version":[{"id":1878,"href":"https:\/\/bluesclass.de\/index.php?rest_route=\/wp\/v2\/pages\/14\/revisions\/1878"}],"wp:attachment":[{"href":"https:\/\/bluesclass.de\/index.php?rest_route=%2Fwp%2Fv2%2Fmedia&parent=14"}],"curies":[{"name":"wp","href":"https:\/\/api.w.org\/{rel}","templated":true}]}}